{"id":3010,"date":"2022-09-30T18:48:35","date_gmt":"2022-09-30T15:48:35","guid":{"rendered":"https:\/\/olybetaffiliates.com\/sobre-nosotros\/"},"modified":"2026-03-26T16:01:38","modified_gmt":"2026-03-26T14:01:38","slug":"sobre-nosotros","status":"publish","type":"page","link":"https:\/\/olybetaffiliates.com\/es\/sobre-nosotros\/","title":{"rendered":"SOBRE NOSOTROS"},"content":{"rendered":"\t\t<div data-elementor-type=\"wp-page\" data-elementor-id=\"3010\" class=\"elementor elementor-3010 elementor-298\" data-elementor-post-type=\"page\">\n\t\t\t\t<div data-particle_enable=\"false\" data-particle-mobile-disabled=\"false\" class=\"elementor-element elementor-element-ed5ddbc e-flex e-con-boxed e-con e-parent\" data-id=\"ed5ddbc\" data-element_type=\"container\" data-e-type=\"container\" data-settings=\"{&quot;background_background&quot;:&quot;classic&quot;}\">\n\t\t\t\t\t<div class=\"e-con-inner\">\n\t\t\t\t<div class=\"elementor-element elementor-element-f8aedcc elementor-widget elementor-widget-spacer\" data-id=\"f8aedcc\" data-element_type=\"widget\" data-e-type=\"widget\" data-widget_type=\"spacer.default\">\n\t\t\t\t<div class=\"elementor-widget-container\">\n\t\t\t\t\t\t\t<div class=\"elementor-spacer\">\n\t\t\t<div class=\"elementor-spacer-inner\"><\/div>\n\t\t<\/div>\n\t\t\t\t\t\t<\/div>\n\t\t\t\t<\/div>\n\t\t\t\t<div class=\"elementor-element elementor-element-e593812 elementor-widget elementor-widget-heading\" data-id=\"e593812\" data-element_type=\"widget\" data-e-type=\"widget\" data-widget_type=\"heading.default\">\n\t\t\t\t<div class=\"elementor-widget-container\">\n\t\t\t\t\t<h2 class=\"elementor-heading-title elementor-size-default\">SOBRE NOSOTROS<\/h2>\t\t\t\t<\/div>\n\t\t\t\t<\/div>\n\t\t\t\t<div class=\"elementor-element elementor-element-2a75372 elementor-widget elementor-widget-spacer\" data-id=\"2a75372\" data-element_type=\"widget\" data-e-type=\"widget\" data-widget_type=\"spacer.default\">\n\t\t\t\t<div class=\"elementor-widget-container\">\n\t\t\t\t\t\t\t<div class=\"elementor-spacer\">\n\t\t\t<div class=\"elementor-spacer-inner\"><\/div>\n\t\t<\/div>\n\t\t\t\t\t\t<\/div>\n\t\t\t\t<\/div>\n\t\t\t\t\t<\/div>\n\t\t\t\t<\/div>\n\t\t<div data-particle_enable=\"false\" data-particle-mobile-disabled=\"false\" class=\"elementor-element elementor-element-b2a3e08 e-flex e-con-boxed e-con e-parent\" data-id=\"b2a3e08\" data-element_type=\"container\" data-e-type=\"container\" data-settings=\"{&quot;background_background&quot;:&quot;gradient&quot;}\">\n\t\t\t\t\t<div class=\"e-con-inner\">\n\t\t\t\t<div class=\"elementor-element elementor-element-f08de7e elementor-widget elementor-widget-spacer\" data-id=\"f08de7e\" data-element_type=\"widget\" data-e-type=\"widget\" data-widget_type=\"spacer.default\">\n\t\t\t\t<div class=\"elementor-widget-container\">\n\t\t\t\t\t\t\t<div class=\"elementor-spacer\">\n\t\t\t<div class=\"elementor-spacer-inner\"><\/div>\n\t\t<\/div>\n\t\t\t\t\t\t<\/div>\n\t\t\t\t<\/div>\n\t\t\t\t<div class=\"elementor-element elementor-element-0bd2fca elementor-widget elementor-widget-heading\" data-id=\"0bd2fca\" data-element_type=\"widget\" data-e-type=\"widget\" data-widget_type=\"heading.default\">\n\t\t\t\t<div class=\"elementor-widget-container\">\n\t\t\t\t\t<h2 class=\"elementor-heading-title elementor-size-default\">PROGRAMA DE AFILIADOS DE OLYBET<\/h2>\t\t\t\t<\/div>\n\t\t\t\t<\/div>\n\t\t\t\t<div class=\"elementor-element elementor-element-2c354a0 elementor-widget elementor-widget-text-editor\" data-id=\"2c354a0\" data-element_type=\"widget\" data-e-type=\"widget\" data-widget_type=\"text-editor.default\">\n\t\t\t\t<div class=\"elementor-widget-container\">\n\t\t\t\t\t\t\t\t\t<p>\u00bfQuieres promocionar juegos como casino, apuestas deportivas y p\u00f3ker? No busques m\u00e1s: el Programa de Afiliados de OlyBet es justo lo que est\u00e1s buscando. Con nosotros puedes ganar una participaci\u00f3n en los ingresos (Revenue Share) de por vida de hasta el 35 %.<\/p>\n<p>Tanto si gestionas una web grande como una m\u00e1s peque\u00f1a, esta es tu oportunidad de generar miles de euros al mes con un esfuerzo m\u00ednimo. Nuestra atractiva estructura de beneficios, junto con pagos mensuales puntuales, convierte al programa de afiliados de OlyBet en una opci\u00f3n muy interesante en varios pa\u00edses. Todo lo que tienes que hacer es conseguir que los visitantes de tu web se registren en OlyBet y realicen su primer dep\u00f3sito para empezar a ganar comisiones.<\/p>\n<p>Trabajamos con algunas de las plataformas y proveedores l\u00edderes del sector del casino, el p\u00f3ker y las apuestas deportivas, como Microgaming, Playtech, NetEnt, NYX, EGT, Evolution Gaming, BetConstruct, NextGen, WMS, Novomatic, Tom Horn, Play\u2019n GO, Foxium, ELK Studios, y muchos m\u00e1s.<\/p>\n\t\t\t\t\t\t\t\t<\/div>\n\t\t\t\t<\/div>\n\t\t\t\t<div class=\"elementor-element elementor-element-a593c3f elementor-widget elementor-widget-spacer\" data-id=\"a593c3f\" data-element_type=\"widget\" data-e-type=\"widget\" data-widget_type=\"spacer.default\">\n\t\t\t\t<div class=\"elementor-widget-container\">\n\t\t\t\t\t\t\t<div class=\"elementor-spacer\">\n\t\t\t<div class=\"elementor-spacer-inner\"><\/div>\n\t\t<\/div>\n\t\t\t\t\t\t<\/div>\n\t\t\t\t<\/div>\n\t\t\t\t<div class=\"elementor-element elementor-element-7231996 elementor-widget elementor-widget-heading\" data-id=\"7231996\" data-element_type=\"widget\" data-e-type=\"widget\" data-widget_type=\"heading.default\">\n\t\t\t\t<div class=\"elementor-widget-container\">\n\t\t\t\t\t<h2 class=\"elementor-heading-title elementor-size-default\">SOBRE OLYMPIC ENTERTAINMENT GROUP<\/h2>\t\t\t\t<\/div>\n\t\t\t\t<\/div>\n\t\t\t\t<div class=\"elementor-element elementor-element-c9c670e elementor-widget elementor-widget-text-editor\" data-id=\"c9c670e\" data-element_type=\"widget\" data-e-type=\"widget\" data-widget_type=\"text-editor.default\">\n\t\t\t\t<div class=\"elementor-widget-container\">\n\t\t\t\t\t\t\t\t\t<p>OlyBet forma parte de Olympic Entertainment Group AS. Nuestra visi\u00f3n es convertirnos en un operador global de casinos y resorts, reconocido por la excelencia en el servicio y el dise\u00f1o innovador. Somos el proveedor l\u00edder de servicios de juego en los pa\u00edses b\u00e1lticos y operamos casinos en Eslovaquia, Italia y Malta. Las operaciones de los casinos locales est\u00e1n gestionadas y supervisadas por filiales locales.<\/p>\n\t\t\t\t\t\t\t\t<\/div>\n\t\t\t\t<\/div>\n\t\t\t\t<div class=\"elementor-element elementor-element-35390d1 elementor-widget elementor-widget-spacer\" data-id=\"35390d1\" data-element_type=\"widget\" data-e-type=\"widget\" data-widget_type=\"spacer.default\">\n\t\t\t\t<div class=\"elementor-widget-container\">\n\t\t\t\t\t\t\t<div class=\"elementor-spacer\">\n\t\t\t<div class=\"elementor-spacer-inner\"><\/div>\n\t\t<\/div>\n\t\t\t\t\t\t<\/div>\n\t\t\t\t<\/div>\n\t\t\t\t\t<\/div>\n\t\t\t\t<\/div>\n\t\t\t\t<\/div>\n\t\t","protected":false},"excerpt":{"rendered":"<p>SOBRE NOSOTROS PROGRAMA DE AFILIADOS DE OLYBET \u00bfQuieres promocionar juegos como casino, apuestas deportivas y p\u00f3ker? No busques m\u00e1s: el Programa de Afiliados de OlyBet es justo lo que est\u00e1s buscando. Con nosotros puedes ganar una participaci\u00f3n en los ingresos (Revenue Share) de por vida de hasta el 35 %. Tanto si gestionas una web [&hellip;]<\/p>\n","protected":false},"author":1,"featured_media":0,"parent":0,"menu_order":0,"comment_status":"closed","ping_status":"closed","template":"","meta":{"footnotes":""},"class_list":["post-3010","page","type-page","status-publish","hentry"],"_links":{"self":[{"href":"https:\/\/olybetaffiliates.com\/es\/wp-json\/wp\/v2\/pages\/3010","targetHints":{"allow":["GET"]}}],"collection":[{"href":"https:\/\/olybetaffiliates.com\/es\/wp-json\/wp\/v2\/pages"}],"about":[{"href":"https:\/\/olybetaffiliates.com\/es\/wp-json\/wp\/v2\/types\/page"}],"author":[{"embeddable":true,"href":"https:\/\/olybetaffiliates.com\/es\/wp-json\/wp\/v2\/users\/1"}],"replies":[{"embeddable":true,"href":"https:\/\/olybetaffiliates.com\/es\/wp-json\/wp\/v2\/comments?post=3010"}],"version-history":[{"count":1,"href":"https:\/\/olybetaffiliates.com\/es\/wp-json\/wp\/v2\/pages\/3010\/revisions"}],"predecessor-version":[{"id":3011,"href":"https:\/\/olybetaffiliates.com\/es\/wp-json\/wp\/v2\/pages\/3010\/revisions\/3011"}],"wp:attachment":[{"href":"https:\/\/olybetaffiliates.com\/es\/wp-json\/wp\/v2\/media?parent=3010"}],"curies":[{"name":"wp","href":"https:\/\/api.w.org\/{rel}","templated":true}]}}