{"id":1712,"date":"2022-09-30T18:48:35","date_gmt":"2022-09-30T15:48:35","guid":{"rendered":"https:\/\/olybetaffiliates.com\/meist\/"},"modified":"2022-10-17T10:36:42","modified_gmt":"2022-10-17T07:36:42","slug":"meist","status":"publish","type":"page","link":"https:\/\/olybetaffiliates.com\/et\/meist\/","title":{"rendered":"MEIST"},"content":{"rendered":"\t\t<div data-elementor-type=\"wp-page\" data-elementor-id=\"1712\" class=\"elementor elementor-1712 elementor-298\" data-elementor-post-type=\"page\">\n\t\t\t\t<div data-particle_enable=\"false\" data-particle-mobile-disabled=\"false\" class=\"elementor-element elementor-element-ed5ddbc e-flex e-con-boxed e-con e-parent\" data-id=\"ed5ddbc\" data-element_type=\"container\" data-e-type=\"container\" data-settings=\"{&quot;background_background&quot;:&quot;classic&quot;}\">\n\t\t\t\t\t<div class=\"e-con-inner\">\n\t\t\t\t<div class=\"elementor-element elementor-element-f8aedcc elementor-widget elementor-widget-spacer\" data-id=\"f8aedcc\" data-element_type=\"widget\" data-e-type=\"widget\" data-widget_type=\"spacer.default\">\n\t\t\t\t<div class=\"elementor-widget-container\">\n\t\t\t\t\t\t\t<div class=\"elementor-spacer\">\n\t\t\t<div class=\"elementor-spacer-inner\"><\/div>\n\t\t<\/div>\n\t\t\t\t\t\t<\/div>\n\t\t\t\t<\/div>\n\t\t\t\t<div class=\"elementor-element elementor-element-e593812 elementor-widget elementor-widget-heading\" data-id=\"e593812\" data-element_type=\"widget\" data-e-type=\"widget\" data-widget_type=\"heading.default\">\n\t\t\t\t<div class=\"elementor-widget-container\">\n\t\t\t\t\t<h2 class=\"elementor-heading-title elementor-size-default\">MEIST<\/h2>\t\t\t\t<\/div>\n\t\t\t\t<\/div>\n\t\t\t\t<div class=\"elementor-element elementor-element-2a75372 elementor-widget elementor-widget-spacer\" data-id=\"2a75372\" data-element_type=\"widget\" data-e-type=\"widget\" data-widget_type=\"spacer.default\">\n\t\t\t\t<div class=\"elementor-widget-container\">\n\t\t\t\t\t\t\t<div class=\"elementor-spacer\">\n\t\t\t<div class=\"elementor-spacer-inner\"><\/div>\n\t\t<\/div>\n\t\t\t\t\t\t<\/div>\n\t\t\t\t<\/div>\n\t\t\t\t\t<\/div>\n\t\t\t\t<\/div>\n\t\t<div data-particle_enable=\"false\" data-particle-mobile-disabled=\"false\" class=\"elementor-element elementor-element-b2a3e08 e-flex e-con-boxed e-con e-parent\" data-id=\"b2a3e08\" data-element_type=\"container\" data-e-type=\"container\" data-settings=\"{&quot;background_background&quot;:&quot;gradient&quot;}\">\n\t\t\t\t\t<div class=\"e-con-inner\">\n\t\t\t\t<div class=\"elementor-element elementor-element-f08de7e elementor-widget elementor-widget-spacer\" data-id=\"f08de7e\" data-element_type=\"widget\" data-e-type=\"widget\" data-widget_type=\"spacer.default\">\n\t\t\t\t<div class=\"elementor-widget-container\">\n\t\t\t\t\t\t\t<div class=\"elementor-spacer\">\n\t\t\t<div class=\"elementor-spacer-inner\"><\/div>\n\t\t<\/div>\n\t\t\t\t\t\t<\/div>\n\t\t\t\t<\/div>\n\t\t\t\t<div class=\"elementor-element elementor-element-0bd2fca elementor-widget elementor-widget-heading\" data-id=\"0bd2fca\" data-element_type=\"widget\" data-e-type=\"widget\" data-widget_type=\"heading.default\">\n\t\t\t\t<div class=\"elementor-widget-container\">\n\t\t\t\t\t<h2 class=\"elementor-heading-title elementor-size-default\">OLYBET AFFILIATE PROGRAMM<\/h2>\t\t\t\t<\/div>\n\t\t\t\t<\/div>\n\t\t\t\t<div class=\"elementor-element elementor-element-2c354a0 elementor-widget elementor-widget-text-editor\" data-id=\"2c354a0\" data-element_type=\"widget\" data-e-type=\"widget\" data-widget_type=\"text-editor.default\">\n\t\t\t\t<div class=\"elementor-widget-container\">\n\t\t\t\t\t\t\t\t\t<p>Soovid kasiinot, spordipanustamist ja pokkerit promoda? Siis ei tarvitse Sul mujale vaadata, sest <strong>OlyBeti Affiliate programm<\/strong> on t\u00e4pselt see mida Sul vaja on! Meiega on Sul v\u00f5imalik teenida eluaegne <strong>kuni 35% tuluosa<\/strong>.<\/p>\n<p>Vahet pole kas Sa haldad suurt v\u00f5i v\u00e4ikest veebisaiti \u2013 see on Sinu v\u00f5imalus teenida iga kuu v\u00e4hese vaevaga tuhandeid eurosid. Meie helde tulustruktuur ja \u00f5igeaegsed igakuised v\u00e4ljamaksed teevad OlyBeti Affiliate programmist mitmeski riigis v\u00e4ga atraktiivse valiku. Komisjonitasu teenimiseks <strong>tuleb Sul vaid lasta oma saidi k\u00fclastajatel OlyBetis konto luua ja esmane sissemakse teha<\/strong>.<\/p>\n<p>OlyBetis leiad laia valiku parimaid kasiino-, spordipanustamise ja pokkeri teenusepakkujaid ning platvorme. Nendeks on n\u00e4iteks <strong>Microgaming<\/strong>, <strong>Playtech<\/strong>, <strong>NetEnt<\/strong>, <strong>NYX<\/strong>, <strong>EGT<\/strong>, <strong>Evolution Gaming,<\/strong> <strong>BetConstruct<\/strong>, <strong>Nextgen<\/strong>, <strong>WMS<\/strong>, <strong>Novomatic<\/strong>, <strong>EGT<\/strong>, <strong>Tom Horn,<\/strong> <strong>Play &#8216;n&#8217; Go<\/strong>, <strong>Foxium<\/strong>, <strong>ELK studios<\/strong> ja paljud teised!<\/p>\n\t\t\t\t\t\t\t\t<\/div>\n\t\t\t\t<\/div>\n\t\t\t\t<div class=\"elementor-element elementor-element-a593c3f elementor-widget elementor-widget-spacer\" data-id=\"a593c3f\" data-element_type=\"widget\" data-e-type=\"widget\" data-widget_type=\"spacer.default\">\n\t\t\t\t<div class=\"elementor-widget-container\">\n\t\t\t\t\t\t\t<div class=\"elementor-spacer\">\n\t\t\t<div class=\"elementor-spacer-inner\"><\/div>\n\t\t<\/div>\n\t\t\t\t\t\t<\/div>\n\t\t\t\t<\/div>\n\t\t\t\t<div class=\"elementor-element elementor-element-7231996 elementor-widget elementor-widget-heading\" data-id=\"7231996\" data-element_type=\"widget\" data-e-type=\"widget\" data-widget_type=\"heading.default\">\n\t\t\t\t<div class=\"elementor-widget-container\">\n\t\t\t\t\t<h2 class=\"elementor-heading-title elementor-size-default\">Olympic Entertainment Group<\/h2>\t\t\t\t<\/div>\n\t\t\t\t<\/div>\n\t\t\t\t<div class=\"elementor-element elementor-element-c9c670e elementor-widget elementor-widget-text-editor\" data-id=\"c9c670e\" data-element_type=\"widget\" data-e-type=\"widget\" data-widget_type=\"text-editor.default\">\n\t\t\t\t<div class=\"elementor-widget-container\">\n\t\t\t\t\t\t\t\t\t<p>OlyBet kuulub Olympic Entertainment Group AS alla. Meie visioon on olla \u00fclemaailmne kasiinode ja kuurortide operaator, enim tuntud meie suurep\u00e4rase teenuse ja loomingulise disaini poolest. Me oleme <strong>Baltikumi juhtiv m\u00e4nguteenuste ettev\u00f5te<\/strong> ja meie kasiinosid v\u00f5ib leida ka Slovakkiast, Itaaliast ning Maltalt. K\u00f5ikide kasiinode korralduse eest vastutavad kohapealsed alam\u00fcksused.<\/p>\n\t\t\t\t\t\t\t\t<\/div>\n\t\t\t\t<\/div>\n\t\t\t\t<div class=\"elementor-element elementor-element-35390d1 elementor-widget elementor-widget-spacer\" data-id=\"35390d1\" data-element_type=\"widget\" data-e-type=\"widget\" data-widget_type=\"spacer.default\">\n\t\t\t\t<div class=\"elementor-widget-container\">\n\t\t\t\t\t\t\t<div class=\"elementor-spacer\">\n\t\t\t<div class=\"elementor-spacer-inner\"><\/div>\n\t\t<\/div>\n\t\t\t\t\t\t<\/div>\n\t\t\t\t<\/div>\n\t\t\t\t\t<\/div>\n\t\t\t\t<\/div>\n\t\t\t\t<\/div>\n\t\t","protected":false},"excerpt":{"rendered":"<p>MEIST OLYBET AFFILIATE PROGRAMM Soovid kasiinot, spordipanustamist ja pokkerit promoda? Siis ei tarvitse Sul mujale vaadata, sest OlyBeti Affiliate programm on t\u00e4pselt see mida Sul vaja on! Meiega on Sul v\u00f5imalik teenida eluaegne kuni 35% tuluosa. Vahet pole kas Sa haldad suurt v\u00f5i v\u00e4ikest veebisaiti \u2013 see on Sinu v\u00f5imalus teenida iga kuu v\u00e4hese vaevaga [&hellip;]<\/p>\n","protected":false},"author":1,"featured_media":0,"parent":0,"menu_order":0,"comment_status":"closed","ping_status":"closed","template":"","meta":{"footnotes":""},"class_list":["post-1712","page","type-page","status-publish","hentry"],"_links":{"self":[{"href":"https:\/\/olybetaffiliates.com\/et\/wp-json\/wp\/v2\/pages\/1712","targetHints":{"allow":["GET"]}}],"collection":[{"href":"https:\/\/olybetaffiliates.com\/et\/wp-json\/wp\/v2\/pages"}],"about":[{"href":"https:\/\/olybetaffiliates.com\/et\/wp-json\/wp\/v2\/types\/page"}],"author":[{"embeddable":true,"href":"https:\/\/olybetaffiliates.com\/et\/wp-json\/wp\/v2\/users\/1"}],"replies":[{"embeddable":true,"href":"https:\/\/olybetaffiliates.com\/et\/wp-json\/wp\/v2\/comments?post=1712"}],"version-history":[{"count":1,"href":"https:\/\/olybetaffiliates.com\/et\/wp-json\/wp\/v2\/pages\/1712\/revisions"}],"predecessor-version":[{"id":1713,"href":"https:\/\/olybetaffiliates.com\/et\/wp-json\/wp\/v2\/pages\/1712\/revisions\/1713"}],"wp:attachment":[{"href":"https:\/\/olybetaffiliates.com\/et\/wp-json\/wp\/v2\/media?parent=1712"}],"curies":[{"name":"wp","href":"https:\/\/api.w.org\/{rel}","templated":true}]}}