{"id":2088,"date":"2022-09-30T18:48:35","date_gmt":"2022-09-30T15:48:35","guid":{"rendered":"https:\/\/olybetaffiliates.com\/about-us\/"},"modified":"2022-11-21T12:15:12","modified_gmt":"2022-11-21T10:15:12","slug":"about-us","status":"publish","type":"page","link":"https:\/\/olybetaffiliates.com\/lv\/about-us\/","title":{"rendered":"About Us"},"content":{"rendered":"\t\t<div data-elementor-type=\"wp-page\" data-elementor-id=\"2088\" class=\"elementor elementor-2088 elementor-298\" data-elementor-post-type=\"page\">\n\t\t\t\t<div data-particle_enable=\"false\" data-particle-mobile-disabled=\"false\" class=\"elementor-element elementor-element-ed5ddbc e-flex e-con-boxed e-con e-parent\" data-id=\"ed5ddbc\" data-element_type=\"container\" data-e-type=\"container\" data-settings=\"{&quot;background_background&quot;:&quot;classic&quot;}\">\n\t\t\t\t\t<div class=\"e-con-inner\">\n\t\t\t\t<div class=\"elementor-element elementor-element-f8aedcc elementor-widget elementor-widget-spacer\" data-id=\"f8aedcc\" data-element_type=\"widget\" data-e-type=\"widget\" data-widget_type=\"spacer.default\">\n\t\t\t\t<div class=\"elementor-widget-container\">\n\t\t\t\t\t\t\t<div class=\"elementor-spacer\">\n\t\t\t<div class=\"elementor-spacer-inner\"><\/div>\n\t\t<\/div>\n\t\t\t\t\t\t<\/div>\n\t\t\t\t<\/div>\n\t\t\t\t<div class=\"elementor-element elementor-element-e593812 elementor-widget elementor-widget-heading\" data-id=\"e593812\" data-element_type=\"widget\" data-e-type=\"widget\" data-widget_type=\"heading.default\">\n\t\t\t\t<div class=\"elementor-widget-container\">\n\t\t\t\t\t<h2 class=\"elementor-heading-title elementor-size-default\">PAR MUMS<\/h2>\t\t\t\t<\/div>\n\t\t\t\t<\/div>\n\t\t\t\t<div class=\"elementor-element elementor-element-2a75372 elementor-widget elementor-widget-spacer\" data-id=\"2a75372\" data-element_type=\"widget\" data-e-type=\"widget\" data-widget_type=\"spacer.default\">\n\t\t\t\t<div class=\"elementor-widget-container\">\n\t\t\t\t\t\t\t<div class=\"elementor-spacer\">\n\t\t\t<div class=\"elementor-spacer-inner\"><\/div>\n\t\t<\/div>\n\t\t\t\t\t\t<\/div>\n\t\t\t\t<\/div>\n\t\t\t\t\t<\/div>\n\t\t\t\t<\/div>\n\t\t<div data-particle_enable=\"false\" data-particle-mobile-disabled=\"false\" class=\"elementor-element elementor-element-b2a3e08 e-flex e-con-boxed e-con e-parent\" data-id=\"b2a3e08\" data-element_type=\"container\" data-e-type=\"container\" data-settings=\"{&quot;background_background&quot;:&quot;gradient&quot;}\">\n\t\t\t\t\t<div class=\"e-con-inner\">\n\t\t\t\t<div class=\"elementor-element elementor-element-f08de7e elementor-widget elementor-widget-spacer\" data-id=\"f08de7e\" data-element_type=\"widget\" data-e-type=\"widget\" data-widget_type=\"spacer.default\">\n\t\t\t\t<div class=\"elementor-widget-container\">\n\t\t\t\t\t\t\t<div class=\"elementor-spacer\">\n\t\t\t<div class=\"elementor-spacer-inner\"><\/div>\n\t\t<\/div>\n\t\t\t\t\t\t<\/div>\n\t\t\t\t<\/div>\n\t\t\t\t<div class=\"elementor-element elementor-element-0bd2fca elementor-widget elementor-widget-heading\" data-id=\"0bd2fca\" data-element_type=\"widget\" data-e-type=\"widget\" data-widget_type=\"heading.default\">\n\t\t\t\t<div class=\"elementor-widget-container\">\n\t\t\t\t\t<h2 class=\"elementor-heading-title elementor-size-default\">OLYBET AFFILIATE PROGRAMMA<\/h2>\t\t\t\t<\/div>\n\t\t\t\t<\/div>\n\t\t\t\t<div class=\"elementor-element elementor-element-2c354a0 elementor-widget elementor-widget-text-editor\" data-id=\"2c354a0\" data-element_type=\"widget\" data-e-type=\"widget\" data-widget_type=\"text-editor.default\">\n\t\t\t\t<div class=\"elementor-widget-container\">\n\t\t\t\t\t\t\t\t\t<p>Vai v\u0113laties reklam\u0113t kazino, sporta totalizatora un pokera pakalpojumus? <strong>OlyBet Affiliates programma<\/strong> ir tie\u0161i tas, ko mekl\u0113jat! Ar mums J\u016bs var\u0113siet nopeln\u012bt ie\u0146\u0113mumu da\u013cu l\u012bdz <strong>pat 35%<\/strong>.<\/p>\n<p>Neatkar\u012bgi no t\u0101, vai p\u0101rvald\u0101t lielu vai mazu vietni, \u0161\u012b ir J\u016bsu iesp\u0113ja katru m\u0113nesi ar minim\u0101lu piep\u016bli nopeln\u012bt t\u016bksto\u0161iem eiro. M\u016bsu d\u0101sn\u0101 pe\u013c\u0146as strukt\u016bra kop\u0101 ar savlaic\u012bgiem ikm\u0113ne\u0161a maks\u0101jumiem padara OlyBet Affiliates programmu par pievilc\u012bgu opciju vair\u0101k\u0101s valst\u012bs. Viss, kas Jums j\u0101dara, ir pan\u0101kt, lai j\u016bsu vietnes apmekl\u0113t\u0101ji re\u0123istr\u0113tos OlyBet un veiktu pirmo iemaksu, lai s\u0101ktu peln\u012bt komisiju.<\/p>\n<p>M\u0113s pied\u0101v\u0101jam da\u017e\u0101das nozares vado\u0161\u0101s kazino, pokera un totalizatoru platformas un pieg\u0101d\u0101t\u0101jus, piem\u0113ram, <strong>Microgaming, Playtech, NetEnt, NYX, EGT, Evolution Gaming, BetConstruct, Nextgen, WMS, Novomatic, EGT, Tom Horn, Play\u00b4n\u00b4Go, Foxium, ELK studios<\/strong> un daudzus citus!<\/p>\n\t\t\t\t\t\t\t\t<\/div>\n\t\t\t\t<\/div>\n\t\t\t\t<div class=\"elementor-element elementor-element-a593c3f elementor-widget elementor-widget-spacer\" data-id=\"a593c3f\" data-element_type=\"widget\" data-e-type=\"widget\" data-widget_type=\"spacer.default\">\n\t\t\t\t<div class=\"elementor-widget-container\">\n\t\t\t\t\t\t\t<div class=\"elementor-spacer\">\n\t\t\t<div class=\"elementor-spacer-inner\"><\/div>\n\t\t<\/div>\n\t\t\t\t\t\t<\/div>\n\t\t\t\t<\/div>\n\t\t\t\t<div class=\"elementor-element elementor-element-7231996 elementor-widget elementor-widget-heading\" data-id=\"7231996\" data-element_type=\"widget\" data-e-type=\"widget\" data-widget_type=\"heading.default\">\n\t\t\t\t<div class=\"elementor-widget-container\">\n\t\t\t\t\t<h2 class=\"elementor-heading-title elementor-size-default\">PAR OLYMPIC ENTERTAINMENT GROUP<\/h2>\t\t\t\t<\/div>\n\t\t\t\t<\/div>\n\t\t\t\t<div class=\"elementor-element elementor-element-c9c670e elementor-widget elementor-widget-text-editor\" data-id=\"c9c670e\" data-element_type=\"widget\" data-e-type=\"widget\" data-widget_type=\"text-editor.default\">\n\t\t\t\t<div class=\"elementor-widget-container\">\n\t\t\t\t\t\t\t\t\t<p>OlyBet ir da\u013ca no Olympic Entertainment Group AS. M\u016bsu v\u012bzija ir b\u016bt glob\u0101lam kazino operatoram, kas atpaz\u012bstams ar lielisku servisu un rado\u0161u dizainu. M\u0113s esam vado\u0161ais sp\u0113\u013cu pakalpojumu sniedz\u0113js Baltij\u0101 un p\u0101rvald\u0101m kazino ar\u012b Slov\u0101kij\u0101, It\u0101lij\u0101 un Malt\u0101. Viet\u0113jo kazino darb\u012bbu kontrol\u0113 viet\u0113jie meitasuz\u0146\u0113mumi.<\/p>\n\t\t\t\t\t\t\t\t<\/div>\n\t\t\t\t<\/div>\n\t\t\t\t<div class=\"elementor-element elementor-element-35390d1 elementor-widget elementor-widget-spacer\" data-id=\"35390d1\" data-element_type=\"widget\" data-e-type=\"widget\" data-widget_type=\"spacer.default\">\n\t\t\t\t<div class=\"elementor-widget-container\">\n\t\t\t\t\t\t\t<div class=\"elementor-spacer\">\n\t\t\t<div class=\"elementor-spacer-inner\"><\/div>\n\t\t<\/div>\n\t\t\t\t\t\t<\/div>\n\t\t\t\t<\/div>\n\t\t\t\t\t<\/div>\n\t\t\t\t<\/div>\n\t\t\t\t<\/div>\n\t\t","protected":false},"excerpt":{"rendered":"<p>PAR MUMS OLYBET AFFILIATE PROGRAMMA Vai v\u0113laties reklam\u0113t kazino, sporta totalizatora un pokera pakalpojumus? OlyBet Affiliates programma ir tie\u0161i tas, ko mekl\u0113jat! Ar mums J\u016bs var\u0113siet nopeln\u012bt ie\u0146\u0113mumu da\u013cu l\u012bdz pat 35%. Neatkar\u012bgi no t\u0101, vai p\u0101rvald\u0101t lielu vai mazu vietni, \u0161\u012b ir J\u016bsu iesp\u0113ja katru m\u0113nesi ar minim\u0101lu piep\u016bli nopeln\u012bt t\u016bksto\u0161iem eiro. M\u016bsu d\u0101sn\u0101 [&hellip;]<\/p>\n","protected":false},"author":1,"featured_media":0,"parent":0,"menu_order":0,"comment_status":"closed","ping_status":"closed","template":"","meta":{"footnotes":""},"class_list":["post-2088","page","type-page","status-publish","hentry"],"_links":{"self":[{"href":"https:\/\/olybetaffiliates.com\/lv\/wp-json\/wp\/v2\/pages\/2088","targetHints":{"allow":["GET"]}}],"collection":[{"href":"https:\/\/olybetaffiliates.com\/lv\/wp-json\/wp\/v2\/pages"}],"about":[{"href":"https:\/\/olybetaffiliates.com\/lv\/wp-json\/wp\/v2\/types\/page"}],"author":[{"embeddable":true,"href":"https:\/\/olybetaffiliates.com\/lv\/wp-json\/wp\/v2\/users\/1"}],"replies":[{"embeddable":true,"href":"https:\/\/olybetaffiliates.com\/lv\/wp-json\/wp\/v2\/comments?post=2088"}],"version-history":[{"count":1,"href":"https:\/\/olybetaffiliates.com\/lv\/wp-json\/wp\/v2\/pages\/2088\/revisions"}],"predecessor-version":[{"id":2089,"href":"https:\/\/olybetaffiliates.com\/lv\/wp-json\/wp\/v2\/pages\/2088\/revisions\/2089"}],"wp:attachment":[{"href":"https:\/\/olybetaffiliates.com\/lv\/wp-json\/wp\/v2\/media?parent=2088"}],"curies":[{"name":"wp","href":"https:\/\/api.w.org\/{rel}","templated":true}]}}